{"id":54,"date":"2017-07-27T23:45:52","date_gmt":"2017-07-27T22:45:52","guid":{"rendered":"http:\/\/www.formula.pt\/cms\/?page_id=54"},"modified":"2024-05-08T11:48:59","modified_gmt":"2024-05-08T10:48:59","slug":"programacao-e-robotica","status":"publish","type":"page","link":"https:\/\/www.formula.pt\/cms\/programacao-e-robotica\/","title":{"rendered":"Programa\u00e7\u00e3o e Rob\u00f3tica"},"content":{"rendered":"<h3 style=\"text-align: left;\"><strong>Clube de Programa\u00e7\u00e3o e Rob\u00f3tica<\/strong><\/h3>\n<p>At\u00e9 ao fim do m\u00eas de Setembro as aulas dos clubes s\u00e3o abertas e gratuitas! Todos podem participar, e tamb\u00e9m trazer os seus amigos.<\/p>\n<p><strong>Hor\u00e1rio<\/strong>:<\/p>\n<ul>\n<li>Online: 2\u00aa feira das 18h30 \u00e0s 19h30 (kits de rob\u00f3tica enviados para o aluno)<\/li>\n<li>Instala\u00e7\u00f5es F\u00f3rmul@: 5\u00aa feira das 18h30 \u00e0s 19:30h<\/li>\n<\/ul>\n<p>No Clube de Rob\u00f3tica os alunos colocam a sua imagina\u00e7\u00e3o e criatividade \u00e0 prova, aprendendo a construir e programar rob\u00f4s com alguns dos kits mais avan\u00e7ados: LEGO (Mindstorms, Boost, WeDo 2.0), Scratch, Cozmo, DOC, Sphero, drones, entre muitos outros! Os nossos projetos s\u00e3o indicados para crian\u00e7as a partir dos 6 anos e adaptados \u00e0s v\u00e1rias faixas et\u00e1rias.<\/p>\n<p>Na programa\u00e7\u00e3o e rob\u00f3tica \u00e9 desenvolvido um conjunto de conhecimentos e compet\u00eancias, n\u00e3o s\u00f3 nas \u00e1reas mais t\u00e9cnicas das Ci\u00eancias, Tecnologia, Engenharia e Matem\u00e1tica (STEM), mas tamb\u00e9m pessoais, como a comunica\u00e7\u00e3o, trabalho de equipa, resolu\u00e7\u00e3o de problemas, autonomia e pensamento l\u00f3gico.<\/p>\n<p>Para que os nossos alunos possam potenciar ainda mais os conhecimentos adquiridos, incentivamo-los, tamb\u00e9m, a participarem em competi\u00e7\u00f5es.<\/p>\n<div id='gallery-1' class='gallery galleryid-54 gallery-columns-4 gallery-size-thumbnail'><figure class='gallery-item'>\n\t\t\t<div class='gallery-icon landscape'>\n\t\t\t\t<a href='https:\/\/www.formula.pt\/cms\/wp-content\/uploads\/2019\/10\/IMG_3281.jpg'><img loading=\"lazy\" decoding=\"async\" width=\"150\" height=\"150\" src=\"https:\/\/www.formula.pt\/cms\/wp-content\/uploads\/2019\/10\/IMG_3281-150x150.jpg\" class=\"attachment-thumbnail size-thumbnail\" alt=\"\" aria-describedby=\"gallery-1-188\" srcset=\"https:\/\/www.formula.pt\/cms\/wp-content\/uploads\/2019\/10\/IMG_3281-150x150.jpg 150w, https:\/\/www.formula.pt\/cms\/wp-content\/uploads\/2019\/10\/IMG_3281-100x100.jpg 100w\" sizes=\"auto, (max-width: 150px) 100vw, 150px\" \/><\/a>\n\t\t\t<\/div>\n\t\t\t\t<figcaption class='wp-caption-text gallery-caption' id='gallery-1-188'>\n\t\t\t\tRob\u00f4 EV3RSTORM constru\u00eddo e programado com o kit LEGO Mindstorms EV3\n\t\t\t\t<\/figcaption><\/figure><figure class='gallery-item'>\n\t\t\t<div class='gallery-icon landscape'>\n\t\t\t\t<a href='https:\/\/www.formula.pt\/cms\/wp-content\/uploads\/2019\/10\/IMG_4986.jpg'><img loading=\"lazy\" decoding=\"async\" width=\"150\" height=\"150\" src=\"https:\/\/www.formula.pt\/cms\/wp-content\/uploads\/2019\/10\/IMG_4986-150x150.jpg\" class=\"attachment-thumbnail size-thumbnail\" alt=\"\" aria-describedby=\"gallery-1-187\" srcset=\"https:\/\/www.formula.pt\/cms\/wp-content\/uploads\/2019\/10\/IMG_4986-150x150.jpg 150w, https:\/\/www.formula.pt\/cms\/wp-content\/uploads\/2019\/10\/IMG_4986-100x100.jpg 100w\" sizes=\"auto, (max-width: 150px) 100vw, 150px\" \/><\/a>\n\t\t\t<\/div>\n\t\t\t\t<figcaption class='wp-caption-text gallery-caption' id='gallery-1-187'>\n\t\t\t\tRob\u00f4 Vernie constru\u00eddo e programado com o kit LEGO Boost\n\t\t\t\t<\/figcaption><\/figure><figure class='gallery-item'>\n\t\t\t<div class='gallery-icon landscape'>\n\t\t\t\t<a href='https:\/\/www.formula.pt\/cms\/wp-content\/uploads\/2019\/10\/IMG_3307.jpg'><img loading=\"lazy\" decoding=\"async\" width=\"150\" height=\"150\" src=\"https:\/\/www.formula.pt\/cms\/wp-content\/uploads\/2019\/10\/IMG_3307-150x150.jpg\" class=\"attachment-thumbnail size-thumbnail\" alt=\"\" aria-describedby=\"gallery-1-189\" srcset=\"https:\/\/www.formula.pt\/cms\/wp-content\/uploads\/2019\/10\/IMG_3307-150x150.jpg 150w, https:\/\/www.formula.pt\/cms\/wp-content\/uploads\/2019\/10\/IMG_3307-100x100.jpg 100w\" sizes=\"auto, (max-width: 150px) 100vw, 150px\" \/><\/a>\n\t\t\t<\/div>\n\t\t\t\t<figcaption class='wp-caption-text gallery-caption' id='gallery-1-189'>\n\t\t\t\tRob\u00f4 Milo constru\u00eddo e programado com o kit LEGO WeDo 2.0\n\t\t\t\t<\/figcaption><\/figure><figure class='gallery-item'>\n\t\t\t<div class='gallery-icon landscape'>\n\t\t\t\t<a href='https:\/\/www.formula.pt\/cms\/wp-content\/uploads\/2019\/10\/DOC_.jpg'><img loading=\"lazy\" decoding=\"async\" width=\"150\" height=\"150\" src=\"https:\/\/www.formula.pt\/cms\/wp-content\/uploads\/2019\/10\/DOC_-150x150.jpg\" class=\"attachment-thumbnail size-thumbnail\" alt=\"\" aria-describedby=\"gallery-1-190\" srcset=\"https:\/\/www.formula.pt\/cms\/wp-content\/uploads\/2019\/10\/DOC_-150x150.jpg 150w, https:\/\/www.formula.pt\/cms\/wp-content\/uploads\/2019\/10\/DOC_-100x100.jpg 100w\" sizes=\"auto, (max-width: 150px) 100vw, 150px\" \/><\/a>\n\t\t\t<\/div>\n\t\t\t\t<figcaption class='wp-caption-text gallery-caption' id='gallery-1-190'>\n\t\t\t\tRob\u00f4 DOC\n\t\t\t\t<\/figcaption><\/figure>\n\t\t<\/div>\n\n<div style=\"width: 1280px;\" class=\"wp-video\"><video class=\"wp-video-shortcode\" id=\"video-54-1\" width=\"1280\" height=\"720\" preload=\"metadata\" controls=\"controls\"><source type=\"video\/mp4\" src=\"https:\/\/www.formula.pt\/cms\/wp-content\/uploads\/2019\/04\/VID_EV3_Trim.mp4?_=1\" \/><a href=\"https:\/\/www.formula.pt\/cms\/wp-content\/uploads\/2019\/04\/VID_EV3_Trim.mp4\">https:\/\/www.formula.pt\/cms\/wp-content\/uploads\/2019\/04\/VID_EV3_Trim.mp4<\/a><\/video><\/div>\n<div style=\"width: 1280px;\" class=\"wp-video\"><video class=\"wp-video-shortcode\" id=\"video-54-2\" width=\"1280\" height=\"720\" preload=\"metadata\" controls=\"controls\"><source type=\"video\/mp4\" src=\"https:\/\/www.formula.pt\/cms\/wp-content\/uploads\/2019\/04\/VID_20180718_180356.mp4?_=2\" \/><a href=\"https:\/\/www.formula.pt\/cms\/wp-content\/uploads\/2019\/04\/VID_20180718_180356.mp4\">https:\/\/www.formula.pt\/cms\/wp-content\/uploads\/2019\/04\/VID_20180718_180356.mp4<\/a><\/video><\/div>\n<h6 align=\"LEFT\">\u00a0<\/h6>\n<h6 align=\"LEFT\"><span style=\"font-family: Verdana, sans-serif;\">Projeto desenvolvido em 2018\/2019<\/span><\/h6>\n<p>Durante o ano letivo 2018\/2019, preparamo-nos para a grande MISSION MOON (Miss\u00e3o Lua) da FIRST LEGO League JR.<\/p>\n<p>No dia 1 de junho, apresent\u00e1mos o nosso projeto na EXPO Nacional da FIRST, em Carcavelos. Os nossos alunos mostraram-se uns verdadeiros astronautas, cientistas, engenheiros e inventores! Estamos extremamente orgulhosos pelo entusiasmo por eles demonstrado.\u00a0<\/p>\n<p>A FIRST &#8211; For Inspiration and Recognition of Science and Technology &#8211; LEGO League Jr. \u00e9 um programa interdisciplinar para crian\u00e7as dos 6 aos 9 anos, que pretende entusiasm\u00e1-los e desafi\u00e1-los para as ci\u00eancias, tecnologia, engenharia e matem\u00e1tica. A \u00e9poca 2018\/2019 transportou a sua equipa para o espa\u00e7o, onde explor\u00e1mos, desafi\u00e1mos e inov\u00e1mos na vasta extens\u00e3o do espa\u00e7o.<\/p>\n\n\n<figure class=\"wp-block-image aligncenter\"><img loading=\"lazy\" decoding=\"async\" width=\"1024\" height=\"723\" src=\"https:\/\/www.formula.pt\/cms\/wp-content\/uploads\/2019\/06\/IMG_20190601_163338-1024x723.jpg\" alt=\"\" class=\"wp-image-144\" srcset=\"https:\/\/www.formula.pt\/cms\/wp-content\/uploads\/2019\/06\/IMG_20190601_163338-1024x723.jpg 1024w, https:\/\/www.formula.pt\/cms\/wp-content\/uploads\/2019\/06\/IMG_20190601_163338-300x212.jpg 300w, https:\/\/www.formula.pt\/cms\/wp-content\/uploads\/2019\/06\/IMG_20190601_163338-768x542.jpg 768w\" sizes=\"auto, (max-width: 1024px) 100vw, 1024px\" \/><\/figure>\n\n\n\n<div class=\"wp-block-buttons is-layout-flex wp-block-buttons-is-layout-flex\">\n<div class=\"wp-block-button\"><a class=\"wp-block-button__link wp-element-button\" href=\"https:\/\/www.formula.pt\/cms\/super-ferias-2024\/\">iNSCRI\u00c7\u00c3O SUPER F\u00c9RIAS 2024<\/a><\/div>\n<\/div>\n\n\n\n<div class=\"wp-block-buttons is-layout-flex wp-block-buttons-is-layout-flex\"><\/div>\n","protected":false},"excerpt":{"rendered":"<p>Clube de Programa\u00e7\u00e3o e Rob\u00f3tica At\u00e9 ao fim do m\u00eas de Setembro as aulas dos clubes s\u00e3o abertas e gratuitas! Todos podem participar, e tamb\u00e9m trazer os seus amigos. Hor\u00e1rio: Online: 2\u00aa feira das 18h30 \u00e0s 19h30 (kits de rob\u00f3tica enviados para o aluno) Instala\u00e7\u00f5es F\u00f3rmul@: 5\u00aa feira das 18h30 \u00e0s 19:30h No Clube de [&hellip;]<\/p>\n","protected":false},"author":1,"featured_media":0,"parent":0,"menu_order":0,"comment_status":"closed","ping_status":"closed","template":"","meta":{"site-sidebar-layout":"default","site-content-layout":"default","ast-site-content-layout":"default","site-content-style":"default","site-sidebar-style":"default","ast-global-header-display":"","ast-banner-title-visibility":"","ast-main-header-display":"","ast-hfb-above-header-display":"","ast-hfb-below-header-display":"","ast-hfb-mobile-header-display":"","site-post-title":"","ast-breadcrumbs-content":"","ast-featured-img":"","footer-sml-layout":"","theme-transparent-header-meta":"default","adv-header-id-meta":"","stick-header-meta":"","header-above-stick-meta":"","header-main-stick-meta":"","header-below-stick-meta":"","astra-migrate-meta-layouts":"default","ast-page-background-enabled":"default","ast-page-background-meta":{"desktop":{"background-color":"","background-image":"","background-repeat":"repeat","background-position":"center center","background-size":"auto","background-attachment":"scroll","background-type":"","background-media":"","overlay-type":"","overlay-color":"","overlay-opacity":"","overlay-gradient":""},"tablet":{"background-color":"","background-image":"","background-repeat":"repeat","background-position":"center center","background-size":"auto","background-attachment":"scroll","background-type":"","background-media":"","overlay-type":"","overlay-color":"","overlay-opacity":"","overlay-gradient":""},"mobile":{"background-color":"","background-image":"","background-repeat":"repeat","background-position":"center center","background-size":"auto","background-attachment":"scroll","background-type":"","background-media":"","overlay-type":"","overlay-color":"","overlay-opacity":"","overlay-gradient":""}},"ast-content-background-meta":{"desktop":{"background-color":"var(--ast-global-color-5)","background-image":"","background-repeat":"repeat","background-position":"center center","background-size":"auto","background-attachment":"scroll","background-type":"","background-media":"","overlay-type":"","overlay-color":"","overlay-opacity":"","overlay-gradient":""},"tablet":{"background-color":"var(--ast-global-color-5)","background-image":"","background-repeat":"repeat","background-position":"center center","background-size":"auto","background-attachment":"scroll","background-type":"","background-media":"","overlay-type":"","overlay-color":"","overlay-opacity":"","overlay-gradient":""},"mobile":{"background-color":"var(--ast-global-color-5)","background-image":"","background-repeat":"repeat","background-position":"center center","background-size":"auto","background-attachment":"scroll","background-type":"","background-media":"","overlay-type":"","overlay-color":"","overlay-opacity":"","overlay-gradient":""}},"footnotes":""},"class_list":["post-54","page","type-page","status-publish","hentry"],"_links":{"self":[{"href":"https:\/\/www.formula.pt\/cms\/wp-json\/wp\/v2\/pages\/54","targetHints":{"allow":["GET"]}}],"collection":[{"href":"https:\/\/www.formula.pt\/cms\/wp-json\/wp\/v2\/pages"}],"about":[{"href":"https:\/\/www.formula.pt\/cms\/wp-json\/wp\/v2\/types\/page"}],"author":[{"embeddable":true,"href":"https:\/\/www.formula.pt\/cms\/wp-json\/wp\/v2\/users\/1"}],"replies":[{"embeddable":true,"href":"https:\/\/www.formula.pt\/cms\/wp-json\/wp\/v2\/comments?post=54"}],"version-history":[{"count":22,"href":"https:\/\/www.formula.pt\/cms\/wp-json\/wp\/v2\/pages\/54\/revisions"}],"predecessor-version":[{"id":1434,"href":"https:\/\/www.formula.pt\/cms\/wp-json\/wp\/v2\/pages\/54\/revisions\/1434"}],"wp:attachment":[{"href":"https:\/\/www.formula.pt\/cms\/wp-json\/wp\/v2\/media?parent=54"}],"curies":[{"name":"wp","href":"https:\/\/api.w.org\/{rel}","templated":true}]}}