{"id":1428,"date":"2024-05-07T19:41:24","date_gmt":"2024-05-07T18:41:24","guid":{"rendered":"https:\/\/www.formula.pt\/cms\/?page_id=1428"},"modified":"2025-06-07T21:55:07","modified_gmt":"2025-06-07T20:55:07","slug":"super-ferias-form-2025","status":"publish","type":"page","link":"https:\/\/www.formula.pt\/cms\/super-ferias-form-2025\/","title":{"rendered":"SUPER F\u00c9RIAS 2025 &#8211; Inscri\u00e7\u00f5es"},"content":{"rendered":"<div class=\"wpforms-container wpforms-block wpforms-block-3c982cb5-245f-42e5-9e0f-9b11a9119acb\" id=\"wpforms-1422\"><form id=\"wpforms-form-1422\" class=\"wpforms-validate wpforms-form wpforms-ajax-form\" data-formid=\"1422\" method=\"post\" enctype=\"multipart\/form-data\" action=\"\/cms\/wp-json\/wp\/v2\/pages\/1428\" data-token=\"144977768f9baa34d4f6a7267ee2fa04\" data-token-time=\"1776590218\"><noscript class=\"wpforms-error-noscript\">Please enable JavaScript in your browser to complete this form.<\/noscript><div class=\"wpforms-field-container\"><div id=\"wpforms-1422-field_1-container\" class=\"wpforms-field wpforms-field-name\" data-field-id=\"1\"><label class=\"wpforms-field-label\" for=\"wpforms-1422-field_1\">Nome do Aluno <span class=\"wpforms-required-label\">*<\/span><\/label><input type=\"text\" id=\"wpforms-1422-field_1\" class=\"wpforms-field-medium wpforms-field-required\" name=\"wpforms[fields][1]\" required><\/div><div id=\"wpforms-1422-field_5-container\" class=\"wpforms-field wpforms-field-number\" data-field-id=\"5\"><label class=\"wpforms-field-label\" for=\"wpforms-1422-field_5\">N\u00famero de Contribuinte <span class=\"wpforms-required-label\">*<\/span><\/label><input type=\"number\" id=\"wpforms-1422-field_5\" class=\"wpforms-field-medium wpforms-field-required\" name=\"wpforms[fields][5]\" step=\"any\" required><\/div><div id=\"wpforms-1422-field_4-container\" class=\"wpforms-field wpforms-field-name\" data-field-id=\"4\"><label class=\"wpforms-field-label\" for=\"wpforms-1422-field_4\">Data de Nascimento <span class=\"wpforms-required-label\">*<\/span><\/label><input type=\"text\" id=\"wpforms-1422-field_4\" class=\"wpforms-field-medium wpforms-field-required\" name=\"wpforms[fields][4]\" required><\/div><div id=\"wpforms-1422-field_7-container\" class=\"wpforms-field wpforms-field-name\" data-field-id=\"7\"><label class=\"wpforms-field-label\" for=\"wpforms-1422-field_7\">Nome do Encarregado de Educa\u00e7\u00e3o <span class=\"wpforms-required-label\">*<\/span><\/label><input type=\"text\" id=\"wpforms-1422-field_7\" class=\"wpforms-field-medium wpforms-field-required\" name=\"wpforms[fields][7]\" required><\/div><div id=\"wpforms-1422-field_2-container\" class=\"wpforms-field wpforms-field-email\" data-field-id=\"2\"><label class=\"wpforms-field-label\" for=\"wpforms-1422-field_2\">Email <span class=\"wpforms-required-label\">*<\/span><\/label><input type=\"email\" id=\"wpforms-1422-field_2\" class=\"wpforms-field-medium wpforms-field-required\" name=\"wpforms[fields][2]\" spellcheck=\"false\" required><\/div><div id=\"wpforms-1422-field_13-container\" class=\"wpforms-field wpforms-field-text\" data-field-id=\"13\"><label class=\"wpforms-field-label\" for=\"wpforms-1422-field_13\">Contacto <span class=\"wpforms-required-label\">*<\/span><\/label><input type=\"text\" id=\"wpforms-1422-field_13\" class=\"wpforms-field-medium wpforms-field-required\" name=\"wpforms[fields][13]\" required><\/div><div id=\"wpforms-1422-field_14-container\" class=\"wpforms-field wpforms-field-payment-select wpforms-field-select-style-classic\" data-field-id=\"14\"><label class=\"wpforms-field-label\" for=\"wpforms-1422-field_14\">1\u00aa SEMANA: 30 de junho a 4 de julho<\/label><select id=\"wpforms-1422-field_14\" class=\"wpforms-payment-price wpforms-field-medium\" name=\"wpforms[fields][14]\"><option value=\"\" class=\"placeholder\" disabled  selected='selected'> <\/option><option value=\"4\" data-amount=\"0.00\" >.<\/option><option value=\"1\" data-amount=\"185.00\" >Dia inteiro c\/ almo\u00e7o: 185,00<\/option><option value=\"2\" data-amount=\"145.00\" >Dia inteiro SEM almo\u00e7o: 145,00<\/option><option value=\"3\" data-amount=\"75.00\" >Meio dia (Tardes): 75,00<\/option><\/select><\/div><div id=\"wpforms-1422-field_15-container\" class=\"wpforms-field wpforms-field-payment-select wpforms-field-select-style-classic\" data-field-id=\"15\"><label class=\"wpforms-field-label\" for=\"wpforms-1422-field_15\">2\u00aa SEMANA: 7 a 11 de julho<\/label><select id=\"wpforms-1422-field_15\" class=\"wpforms-payment-price wpforms-field-medium\" name=\"wpforms[fields][15]\"><option value=\"\" class=\"placeholder\" disabled  selected='selected'> <\/option><option value=\"1\" data-amount=\"185.00\" >Dia inteiro c\/ almo\u00e7o: 185,00<\/option><option value=\"2\" data-amount=\"145.00\" >Dia inteiro SEM almo\u00e7o: 145,00<\/option><option value=\"3\" data-amount=\"75.00\" >Meio dia (Tardes): 75,00<\/option><\/select><\/div><div id=\"wpforms-1422-field_16-container\" class=\"wpforms-field wpforms-field-payment-select wpforms-field-select-style-classic\" data-field-id=\"16\"><label class=\"wpforms-field-label\" for=\"wpforms-1422-field_16\">3\u00aa SEMANA: 14 a 18 de julho<\/label><select id=\"wpforms-1422-field_16\" class=\"wpforms-payment-price wpforms-field-medium\" name=\"wpforms[fields][16]\"><option value=\"\" class=\"placeholder\" disabled  selected='selected'> <\/option><option value=\"1\" data-amount=\"185.00\" >Dia inteiro c\/ almo\u00e7o: 185,00<\/option><option value=\"2\" data-amount=\"145.00\" >Dia inteiro SEM almo\u00e7o: 145,00<\/option><option value=\"3\" data-amount=\"75.00\" >Meio dia (Tardes): 75,00<\/option><\/select><\/div><div id=\"wpforms-1422-field_17-container\" class=\"wpforms-field wpforms-field-payment-select wpforms-field-select-style-classic\" data-field-id=\"17\"><label class=\"wpforms-field-label\" for=\"wpforms-1422-field_17\">4\u00aa SEMANA: 21 a 25 de julho<\/label><select id=\"wpforms-1422-field_17\" class=\"wpforms-payment-price wpforms-field-medium\" name=\"wpforms[fields][17]\"><option value=\"\" class=\"placeholder\" disabled  selected='selected'> <\/option><option value=\"1\" data-amount=\"185.00\" >Dia inteiro c\/ almo\u00e7o: 185,00<\/option><option value=\"2\" data-amount=\"145.00\" >Dia inteiro SEM almo\u00e7o: 145,00<\/option><option value=\"3\" data-amount=\"75.00\" >Meio dia (Tardes): 75,00<\/option><\/select><\/div><div id=\"wpforms-1422-field_18-container\" class=\"wpforms-field wpforms-field-payment-select wpforms-field-select-style-classic\" data-field-id=\"18\"><label class=\"wpforms-field-label\" for=\"wpforms-1422-field_18\">5\u00aa SEMANA: 28 de julho a 1 de agosto<\/label><select id=\"wpforms-1422-field_18\" class=\"wpforms-payment-price wpforms-field-medium\" name=\"wpforms[fields][18]\"><option value=\"\" class=\"placeholder\" disabled  selected='selected'> <\/option><option value=\"1\" data-amount=\"185.00\" >Dia inteiro c\/ almo\u00e7o: 185,00<\/option><option value=\"2\" data-amount=\"145.00\" >Dia inteiro SEM almo\u00e7o: 145,00<\/option><option value=\"3\" data-amount=\"75.00\" >Meio dia (Tardes): 75,00<\/option><\/select><\/div><div id=\"wpforms-1422-field_19-container\" class=\"wpforms-field wpforms-field-payment-select wpforms-field-select-style-classic\" data-field-id=\"19\"><label class=\"wpforms-field-label\" for=\"wpforms-1422-field_19\">6\u00aa SEMANA: 4 a 8 de agosto<\/label><select id=\"wpforms-1422-field_19\" class=\"wpforms-payment-price wpforms-field-medium\" name=\"wpforms[fields][19]\"><option value=\"\" class=\"placeholder\" disabled  selected='selected'>                 <\/option><option value=\"1\" data-amount=\"185.00\" >Dia inteiro c\/ almo\u00e7o: 185,00<\/option><option value=\"2\" data-amount=\"145.00\" >Dia inteiro SEM almo\u00e7o: 145,00<\/option><option value=\"3\" data-amount=\"75.00\" >Meio dia (Tardes): 75,00<\/option><\/select><\/div><div id=\"wpforms-1422-field_20-container\" class=\"wpforms-field wpforms-field-payment-select wpforms-field-select-style-classic\" data-field-id=\"20\"><label class=\"wpforms-field-label\" for=\"wpforms-1422-field_20\">7\u00aa SEMANA: 11 a 14 de agosto<\/label><select id=\"wpforms-1422-field_20\" class=\"wpforms-payment-price wpforms-field-medium\" name=\"wpforms[fields][20]\"><option value=\"\" class=\"placeholder\" disabled  selected='selected'>                <\/option><option value=\"1\" data-amount=\"185.00\" >Dia inteiro c\/ almo\u00e7o: 185,00<\/option><option value=\"2\" data-amount=\"145.00\" >Dia inteiro SEM almo\u00e7o: 145,00<\/option><option value=\"3\" data-amount=\"75.00\" >Meio dia (Tardes): 75,00<\/option><\/select><\/div><div id=\"wpforms-1422-field_21-container\" class=\"wpforms-field wpforms-field-payment-select wpforms-field-select-style-classic\" data-field-id=\"21\"><label class=\"wpforms-field-label\" for=\"wpforms-1422-field_21\">8\u00aa SEMANA: 18 a 22 de agosto<\/label><select id=\"wpforms-1422-field_21\" class=\"wpforms-payment-price wpforms-field-medium\" name=\"wpforms[fields][21]\"><option value=\"\" class=\"placeholder\" disabled  selected='selected'>    <\/option><option value=\"1\" data-amount=\"185.00\" >Dia inteiro c\/ almo\u00e7o: 185,00<\/option><option value=\"2\" data-amount=\"145.00\" >Dia inteiro SEM almo\u00e7o: 145,00<\/option><option value=\"3\" data-amount=\"75.00\" >Meio dia (Tardes): 75,00<\/option><\/select><\/div><div id=\"wpforms-1422-field_22-container\" class=\"wpforms-field wpforms-field-payment-select wpforms-field-select-style-classic\" data-field-id=\"22\"><label class=\"wpforms-field-label\" for=\"wpforms-1422-field_22\">9\u00aa SEMANA: 25 a 29 de agosto<\/label><select id=\"wpforms-1422-field_22\" class=\"wpforms-payment-price wpforms-field-medium\" name=\"wpforms[fields][22]\"><option value=\"\" class=\"placeholder\" disabled  selected='selected'>    <\/option><option value=\"1\" data-amount=\"185.00\" >Dia inteiro c\/ almo\u00e7o: 185,00<\/option><option value=\"2\" data-amount=\"145.00\" >Dia inteiro SEM almo\u00e7o: 145,00<\/option><option value=\"3\" data-amount=\"75.00\" >Meio dia (Tardes): 75,00<\/option><\/select><\/div><\/div><!-- .wpforms-field-container --><div class=\"wpforms-submit-container\" ><input type=\"hidden\" name=\"wpforms[id]\" value=\"1422\"><input type=\"hidden\" name=\"page_title\" value=\"\"><input type=\"hidden\" name=\"page_url\" value=\"https:\/\/www.formula.pt\/cms\/wp-json\/wp\/v2\/pages\/1428\"><input type=\"hidden\" name=\"url_referer\" value=\"\"><button type=\"submit\" name=\"wpforms[submit]\" id=\"wpforms-submit-1422\" class=\"wpforms-submit\" data-alt-text=\"A carregar...\" data-submit-text=\"ENVIAR\" aria-live=\"assertive\" value=\"wpforms-submit\">ENVIAR<\/button><img loading=\"lazy\" decoding=\"async\" src=\"https:\/\/www.formula.pt\/cms\/wp-content\/plugins\/wpforms-lite\/assets\/images\/submit-spin.svg\" class=\"wpforms-submit-spinner\" style=\"display: none;\" width=\"26\" height=\"26\" alt=\"Loading\"><\/div><\/form><\/div>  <!-- .wpforms-container -->","protected":false},"excerpt":{"rendered":"","protected":false},"author":1,"featured_media":0,"parent":0,"menu_order":0,"comment_status":"closed","ping_status":"closed","template":"","meta":{"site-sidebar-layout":"default","site-content-layout":"","ast-site-content-layout":"default","site-content-style":"default","site-sidebar-style":"default","ast-global-header-display":"","ast-banner-title-visibility":"","ast-main-header-display":"","ast-hfb-above-header-display":"","ast-hfb-below-header-display":"","ast-hfb-mobile-header-display":"","site-post-title":"","ast-breadcrumbs-content":"","ast-featured-img":"","footer-sml-layout":"","theme-transparent-header-meta":"","adv-header-id-meta":"","stick-header-meta":"","header-above-stick-meta":"","header-main-stick-meta":"","header-below-stick-meta":"","astra-migrate-meta-layouts":"default","ast-page-background-enabled":"default","ast-page-background-meta":{"desktop":{"background-color":"","background-image":"","background-repeat":"repeat","background-position":"center center","background-size":"auto","background-attachment":"scroll","background-type":"","background-media":"","overlay-type":"","overlay-color":"","overlay-opacity":"","overlay-gradient":""},"tablet":{"background-color":"","background-image":"","background-repeat":"repeat","background-position":"center center","background-size":"auto","background-attachment":"scroll","background-type":"","background-media":"","overlay-type":"","overlay-color":"","overlay-opacity":"","overlay-gradient":""},"mobile":{"background-color":"","background-image":"","background-repeat":"repeat","background-position":"center center","background-size":"auto","background-attachment":"scroll","background-type":"","background-media":"","overlay-type":"","overlay-color":"","overlay-opacity":"","overlay-gradient":""}},"ast-content-background-meta":{"desktop":{"background-color":"var(--ast-global-color-5)","background-image":"","background-repeat":"repeat","background-position":"center center","background-size":"auto","background-attachment":"scroll","background-type":"","background-media":"","overlay-type":"","overlay-color":"","overlay-opacity":"","overlay-gradient":""},"tablet":{"background-color":"var(--ast-global-color-5)","background-image":"","background-repeat":"repeat","background-position":"center center","background-size":"auto","background-attachment":"scroll","background-type":"","background-media":"","overlay-type":"","overlay-color":"","overlay-opacity":"","overlay-gradient":""},"mobile":{"background-color":"var(--ast-global-color-5)","background-image":"","background-repeat":"repeat","background-position":"center center","background-size":"auto","background-attachment":"scroll","background-type":"","background-media":"","overlay-type":"","overlay-color":"","overlay-opacity":"","overlay-gradient":""}},"footnotes":""},"class_list":["post-1428","page","type-page","status-publish","hentry"],"_links":{"self":[{"href":"https:\/\/www.formula.pt\/cms\/wp-json\/wp\/v2\/pages\/1428","targetHints":{"allow":["GET"]}}],"collection":[{"href":"https:\/\/www.formula.pt\/cms\/wp-json\/wp\/v2\/pages"}],"about":[{"href":"https:\/\/www.formula.pt\/cms\/wp-json\/wp\/v2\/types\/page"}],"author":[{"embeddable":true,"href":"https:\/\/www.formula.pt\/cms\/wp-json\/wp\/v2\/users\/1"}],"replies":[{"embeddable":true,"href":"https:\/\/www.formula.pt\/cms\/wp-json\/wp\/v2\/comments?post=1428"}],"version-history":[{"count":3,"href":"https:\/\/www.formula.pt\/cms\/wp-json\/wp\/v2\/pages\/1428\/revisions"}],"predecessor-version":[{"id":1464,"href":"https:\/\/www.formula.pt\/cms\/wp-json\/wp\/v2\/pages\/1428\/revisions\/1464"}],"wp:attachment":[{"href":"https:\/\/www.formula.pt\/cms\/wp-json\/wp\/v2\/media?parent=1428"}],"curies":[{"name":"wp","href":"https:\/\/api.w.org\/{rel}","templated":true}]}}